{"id":409,"date":"2021-05-13T20:38:40","date_gmt":"2021-05-13T18:38:40","guid":{"rendered":"https:\/\/www.moulindharcy.fr\/dev\/?page_id=409"},"modified":"2026-01-25T14:35:36","modified_gmt":"2026-01-25T13:35:36","slug":"cabane","status":"publish","type":"page","link":"https:\/\/www.moulindharcy.fr\/dev\/index.php\/cabane\/","title":{"rendered":"Cabane"},"content":{"rendered":"\n<h2 id=\"block-fe37111e-3601-4a7a-b1bc-8cf0482ef641\">Description<\/h2>\n\n\n\n<p>POD en bois de 9m2 comprenant un lit gigogne. Id\u00e9al pour les p\u00eacheurs et amoureux de la nature. Pas d&rsquo;\u00e9lectricit\u00e9. Point d&rsquo;eau avec douche solaire. Toilettes s\u00e8ches \u00e0 proximit\u00e9.<\/p>\n\n\n\n<p>Vous pourrez p\u00eacher carpes, brochets, gardons&#8230; P\u00eache en no kill, vifs interdits, tapis de r\u00e9ception obligatoire.<\/p>\n\n\n\n<hr class=\"wp-block-separator\"\/>\n\n\n\n\n\n<hr class=\"wp-block-separator\"\/>\n\n\n\n<h2>Photos<\/h2>\n\n\n\n<figure class=\"wp-block-gallery aligncenter columns-3 is-cropped\"><ul class=\"blocks-gallery-grid\"><li class=\"blocks-gallery-item\"><figure><img loading=\"lazy\" width=\"576\" height=\"1024\" src=\"https:\/\/www.moulindharcy.fr\/dev\/wp-content\/uploads\/2021\/05\/20210501_161750-576x1024.jpg\" alt=\"\" data-id=\"396\" data-full-url=\"https:\/\/www.moulindharcy.fr\/dev\/wp-content\/uploads\/2021\/05\/20210501_161750-scaled.jpg\" data-link=\"https:\/\/www.moulindharcy.fr\/dev\/index.php\/hb_accommodation\/cabane\/20210501_161750\/\" class=\"wp-image-396\" srcset=\"https:\/\/www.moulindharcy.fr\/dev\/wp-content\/uploads\/2021\/05\/20210501_161750-576x1024.jpg 576w, https:\/\/www.moulindharcy.fr\/dev\/wp-content\/uploads\/2021\/05\/20210501_161750-169x300.jpg 169w, https:\/\/www.moulindharcy.fr\/dev\/wp-content\/uploads\/2021\/05\/20210501_161750-768x1366.jpg 768w, https:\/\/www.moulindharcy.fr\/dev\/wp-content\/uploads\/2021\/05\/20210501_161750-864x1536.jpg 864w, https:\/\/www.moulindharcy.fr\/dev\/wp-content\/uploads\/2021\/05\/20210501_161750-1152x2048.jpg 1152w, https:\/\/www.moulindharcy.fr\/dev\/wp-content\/uploads\/2021\/05\/20210501_161750-scaled.jpg 1440w\" sizes=\"(max-width: 576px) 100vw, 576px\" \/><\/figure><\/li><li class=\"blocks-gallery-item\"><figure><img loading=\"lazy\" width=\"576\" height=\"1024\" src=\"https:\/\/www.moulindharcy.fr\/dev\/wp-content\/uploads\/2021\/05\/20210501_161657-576x1024.jpg\" alt=\"\" data-id=\"395\" data-full-url=\"https:\/\/www.moulindharcy.fr\/dev\/wp-content\/uploads\/2021\/05\/20210501_161657-scaled.jpg\" data-link=\"https:\/\/www.moulindharcy.fr\/dev\/index.php\/hb_accommodation\/cabane\/20210501_161657\/\" class=\"wp-image-395\" srcset=\"https:\/\/www.moulindharcy.fr\/dev\/wp-content\/uploads\/2021\/05\/20210501_161657-576x1024.jpg 576w, https:\/\/www.moulindharcy.fr\/dev\/wp-content\/uploads\/2021\/05\/20210501_161657-169x300.jpg 169w, https:\/\/www.moulindharcy.fr\/dev\/wp-content\/uploads\/2021\/05\/20210501_161657-768x1365.jpg 768w, https:\/\/www.moulindharcy.fr\/dev\/wp-content\/uploads\/2021\/05\/20210501_161657-864x1536.jpg 864w, https:\/\/www.moulindharcy.fr\/dev\/wp-content\/uploads\/2021\/05\/20210501_161657-1152x2048.jpg 1152w, https:\/\/www.moulindharcy.fr\/dev\/wp-content\/uploads\/2021\/05\/20210501_161657-scaled.jpg 1440w\" sizes=\"(max-width: 576px) 100vw, 576px\" \/><\/figure><\/li><li class=\"blocks-gallery-item\"><figure><img loading=\"lazy\" width=\"576\" height=\"1024\" src=\"https:\/\/www.moulindharcy.fr\/dev\/wp-content\/uploads\/2021\/05\/20210501_161832-576x1024.jpg\" alt=\"\" data-id=\"398\" data-full-url=\"https:\/\/www.moulindharcy.fr\/dev\/wp-content\/uploads\/2021\/05\/20210501_161832-scaled.jpg\" data-link=\"https:\/\/www.moulindharcy.fr\/dev\/index.php\/hb_accommodation\/cabane\/20210501_161832\/\" class=\"wp-image-398\" srcset=\"https:\/\/www.moulindharcy.fr\/dev\/wp-content\/uploads\/2021\/05\/20210501_161832-576x1024.jpg 576w, https:\/\/www.moulindharcy.fr\/dev\/wp-content\/uploads\/2021\/05\/20210501_161832-169x300.jpg 169w, https:\/\/www.moulindharcy.fr\/dev\/wp-content\/uploads\/2021\/05\/20210501_161832-768x1366.jpg 768w, https:\/\/www.moulindharcy.fr\/dev\/wp-content\/uploads\/2021\/05\/20210501_161832-864x1536.jpg 864w, https:\/\/www.moulindharcy.fr\/dev\/wp-content\/uploads\/2021\/05\/20210501_161832-1152x2048.jpg 1152w, https:\/\/www.moulindharcy.fr\/dev\/wp-content\/uploads\/2021\/05\/20210501_161832-scaled.jpg 1440w\" sizes=\"(max-width: 576px) 100vw, 576px\" \/><\/figure><\/li><li class=\"blocks-gallery-item\"><figure><img loading=\"lazy\" width=\"1024\" height=\"576\" src=\"https:\/\/www.moulindharcy.fr\/dev\/wp-content\/uploads\/2021\/05\/20210430_183827-1024x576.jpg\" alt=\"\" data-id=\"394\" data-full-url=\"https:\/\/www.moulindharcy.fr\/dev\/wp-content\/uploads\/2021\/05\/20210430_183827-scaled.jpg\" data-link=\"https:\/\/www.moulindharcy.fr\/dev\/index.php\/hb_accommodation\/cabane\/20210430_183827\/\" class=\"wp-image-394\" srcset=\"https:\/\/www.moulindharcy.fr\/dev\/wp-content\/uploads\/2021\/05\/20210430_183827-1024x576.jpg 1024w, https:\/\/www.moulindharcy.fr\/dev\/wp-content\/uploads\/2021\/05\/20210430_183827-300x169.jpg 300w, https:\/\/www.moulindharcy.fr\/dev\/wp-content\/uploads\/2021\/05\/20210430_183827-768x432.jpg 768w, https:\/\/www.moulindharcy.fr\/dev\/wp-content\/uploads\/2021\/05\/20210430_183827-1536x864.jpg 1536w, https:\/\/www.moulindharcy.fr\/dev\/wp-content\/uploads\/2021\/05\/20210430_183827-2048x1152.jpg 2048w\" sizes=\"(max-width: 1024px) 100vw, 1024px\" \/><\/figure><\/li><\/ul><\/figure>\n","protected":false},"excerpt":{"rendered":"<p>Description POD en bois de 9m2 comprenant un lit gigogne. Id\u00e9al pour les p\u00eacheurs et amoureux de la nature. Pas d&rsquo;\u00e9lectricit\u00e9. Point d&rsquo;eau avec douche solaire. Toilettes s\u00e8ches \u00e0 proximit\u00e9. Vous pourrez p\u00eacher carpes, brochets, gardons&#8230; P\u00eache en no kill, vifs interdits, tapis de r\u00e9ception obligatoire. Photos<\/p>\n","protected":false},"author":1,"featured_media":396,"parent":0,"menu_order":0,"comment_status":"closed","ping_status":"closed","template":"","meta":[],"_links":{"self":[{"href":"https:\/\/www.moulindharcy.fr\/dev\/index.php\/wp-json\/wp\/v2\/pages\/409"}],"collection":[{"href":"https:\/\/www.moulindharcy.fr\/dev\/index.php\/wp-json\/wp\/v2\/pages"}],"about":[{"href":"https:\/\/www.moulindharcy.fr\/dev\/index.php\/wp-json\/wp\/v2\/types\/page"}],"author":[{"embeddable":true,"href":"https:\/\/www.moulindharcy.fr\/dev\/index.php\/wp-json\/wp\/v2\/users\/1"}],"replies":[{"embeddable":true,"href":"https:\/\/www.moulindharcy.fr\/dev\/index.php\/wp-json\/wp\/v2\/comments?post=409"}],"version-history":[{"count":3,"href":"https:\/\/www.moulindharcy.fr\/dev\/index.php\/wp-json\/wp\/v2\/pages\/409\/revisions"}],"predecessor-version":[{"id":582,"href":"https:\/\/www.moulindharcy.fr\/dev\/index.php\/wp-json\/wp\/v2\/pages\/409\/revisions\/582"}],"wp:featuredmedia":[{"embeddable":true,"href":"https:\/\/www.moulindharcy.fr\/dev\/index.php\/wp-json\/wp\/v2\/media\/396"}],"wp:attachment":[{"href":"https:\/\/www.moulindharcy.fr\/dev\/index.php\/wp-json\/wp\/v2\/media?parent=409"}],"curies":[{"name":"wp","href":"https:\/\/api.w.org\/{rel}","templated":true}]}}