{"id":351,"date":"2021-05-12T23:21:50","date_gmt":"2021-05-12T21:21:50","guid":{"rendered":"https:\/\/www.moulindharcy.fr\/dev\/?page_id=351"},"modified":"2022-06-11T14:26:17","modified_gmt":"2022-06-11T12:26:17","slug":"les-nenuphars","status":"publish","type":"page","link":"https:\/\/www.moulindharcy.fr\/dev\/index.php\/les-nenuphars\/","title":{"rendered":"Les N\u00e9nuphars"},"content":{"rendered":"\n<h2>Description<\/h2>\n\n\n\n<h3>Grande chambre avec lit de 160*200cm<\/h3>\n\n\n\n<p>Le prix comprend le petit-d\u00e9jeuner, l&rsquo;acc\u00e8s au jacuzzi et \u00e9tangs de p\u00eache<\/p>\n\n\n\n<h3>Equipements :<\/h3>\n\n\n\n<ul><li>TV<\/li><li>Connexion wifi<\/li><li>Climatisation<\/li><li>Dressing<\/li><li>S\u00e8che-cheveux<\/li><li>Gel douche<\/li><li>Mat\u00e9riel pour b\u00e9b\u00e9<\/li><\/ul>\n\n\n\n<p>+ : Possibilit\u00e9 de disposer d\u2019une chambre d\u2019enfants attenante avec lits superpos\u00e9s<\/p>\n\n\n\n<div class=\"wp-block-columns\">\n<div class=\"wp-block-column\">\n<h2>Arriv\u00e9e<\/h2>\n\n\n\n<p>Entre 17h et 19h<\/p>\n<\/div>\n\n\n\n<div class=\"wp-block-column\">\n<h2>D\u00e9part<\/h2>\n\n\n\n<p>Avant 11h<\/p>\n<\/div>\n<\/div>\n\n\n\n<hr class=\"wp-block-separator\"\/>\n\n\n\n\n\n<hr class=\"wp-block-separator\"\/>\n\n\n\n<h2>Photos de la chambre<\/h2>\n\n\n\n<figure class=\"wp-block-gallery columns-2 is-cropped\"><ul class=\"blocks-gallery-grid\"><li class=\"blocks-gallery-item\"><figure><img loading=\"lazy\" width=\"1200\" height=\"818\" src=\"https:\/\/www.moulindharcy.fr\/dev\/wp-content\/uploads\/2021\/05\/MG_9666.jpg\" alt=\"\" data-id=\"350\" class=\"wp-image-350\" srcset=\"https:\/\/www.moulindharcy.fr\/dev\/wp-content\/uploads\/2021\/05\/MG_9666.jpg 1200w, https:\/\/www.moulindharcy.fr\/dev\/wp-content\/uploads\/2021\/05\/MG_9666-300x205.jpg 300w, https:\/\/www.moulindharcy.fr\/dev\/wp-content\/uploads\/2021\/05\/MG_9666-1024x698.jpg 1024w, https:\/\/www.moulindharcy.fr\/dev\/wp-content\/uploads\/2021\/05\/MG_9666-768x524.jpg 768w\" sizes=\"(max-width: 1200px) 100vw, 1200px\" \/><\/figure><\/li><li class=\"blocks-gallery-item\"><figure><img loading=\"lazy\" width=\"1200\" height=\"783\" src=\"https:\/\/www.moulindharcy.fr\/dev\/wp-content\/uploads\/2021\/05\/MG_9665.jpg\" alt=\"\" data-id=\"349\" class=\"wp-image-349\" srcset=\"https:\/\/www.moulindharcy.fr\/dev\/wp-content\/uploads\/2021\/05\/MG_9665.jpg 1200w, https:\/\/www.moulindharcy.fr\/dev\/wp-content\/uploads\/2021\/05\/MG_9665-300x196.jpg 300w, https:\/\/www.moulindharcy.fr\/dev\/wp-content\/uploads\/2021\/05\/MG_9665-1024x668.jpg 1024w, https:\/\/www.moulindharcy.fr\/dev\/wp-content\/uploads\/2021\/05\/MG_9665-768x501.jpg 768w\" sizes=\"(max-width: 1200px) 100vw, 1200px\" \/><\/figure><\/li><li class=\"blocks-gallery-item\"><figure><img loading=\"lazy\" width=\"1200\" height=\"800\" src=\"https:\/\/www.moulindharcy.fr\/dev\/wp-content\/uploads\/2021\/05\/MG_9662.jpg\" alt=\"\" data-id=\"348\" class=\"wp-image-348\" srcset=\"https:\/\/www.moulindharcy.fr\/dev\/wp-content\/uploads\/2021\/05\/MG_9662.jpg 1200w, https:\/\/www.moulindharcy.fr\/dev\/wp-content\/uploads\/2021\/05\/MG_9662-300x200.jpg 300w, https:\/\/www.moulindharcy.fr\/dev\/wp-content\/uploads\/2021\/05\/MG_9662-1024x683.jpg 1024w, https:\/\/www.moulindharcy.fr\/dev\/wp-content\/uploads\/2021\/05\/MG_9662-768x512.jpg 768w\" sizes=\"(max-width: 1200px) 100vw, 1200px\" \/><\/figure><\/li><li class=\"blocks-gallery-item\"><figure><img loading=\"lazy\" width=\"859\" height=\"1200\" src=\"https:\/\/www.moulindharcy.fr\/dev\/wp-content\/uploads\/2021\/05\/MG_9634.jpg\" alt=\"\" data-id=\"347\" class=\"wp-image-347\" srcset=\"https:\/\/www.moulindharcy.fr\/dev\/wp-content\/uploads\/2021\/05\/MG_9634.jpg 859w, https:\/\/www.moulindharcy.fr\/dev\/wp-content\/uploads\/2021\/05\/MG_9634-215x300.jpg 215w, https:\/\/www.moulindharcy.fr\/dev\/wp-content\/uploads\/2021\/05\/MG_9634-733x1024.jpg 733w, https:\/\/www.moulindharcy.fr\/dev\/wp-content\/uploads\/2021\/05\/MG_9634-768x1073.jpg 768w\" sizes=\"(max-width: 859px) 100vw, 859px\" \/><\/figure><\/li><li class=\"blocks-gallery-item\"><figure><img loading=\"lazy\" width=\"1200\" height=\"862\" src=\"https:\/\/www.moulindharcy.fr\/dev\/wp-content\/uploads\/2021\/05\/MG_9631.jpg\" alt=\"\" data-id=\"346\" class=\"wp-image-346\" srcset=\"https:\/\/www.moulindharcy.fr\/dev\/wp-content\/uploads\/2021\/05\/MG_9631.jpg 1200w, https:\/\/www.moulindharcy.fr\/dev\/wp-content\/uploads\/2021\/05\/MG_9631-300x216.jpg 300w, https:\/\/www.moulindharcy.fr\/dev\/wp-content\/uploads\/2021\/05\/MG_9631-1024x736.jpg 1024w, https:\/\/www.moulindharcy.fr\/dev\/wp-content\/uploads\/2021\/05\/MG_9631-768x552.jpg 768w\" sizes=\"(max-width: 1200px) 100vw, 1200px\" \/><\/figure><\/li><\/ul><\/figure>\n","protected":false},"excerpt":{"rendered":"<p>Description Grande chambre avec lit de 160*200cm Le prix comprend le petit-d\u00e9jeuner, l&rsquo;acc\u00e8s au jacuzzi et \u00e9tangs de p\u00eache Equipements : TV Connexion wifi Climatisation Dressing S\u00e8che-cheveux Gel douche Mat\u00e9riel pour b\u00e9b\u00e9 + : Possibilit\u00e9 de disposer d\u2019une chambre d\u2019enfants attenante avec lits superpos\u00e9s Arriv\u00e9e Entre 17h et 19h D\u00e9part Avant 11h Photos de la [&hellip;]<\/p>\n","protected":false},"author":1,"featured_media":349,"parent":0,"menu_order":0,"comment_status":"closed","ping_status":"closed","template":"","meta":[],"_links":{"self":[{"href":"https:\/\/www.moulindharcy.fr\/dev\/index.php\/wp-json\/wp\/v2\/pages\/351"}],"collection":[{"href":"https:\/\/www.moulindharcy.fr\/dev\/index.php\/wp-json\/wp\/v2\/pages"}],"about":[{"href":"https:\/\/www.moulindharcy.fr\/dev\/index.php\/wp-json\/wp\/v2\/types\/page"}],"author":[{"embeddable":true,"href":"https:\/\/www.moulindharcy.fr\/dev\/index.php\/wp-json\/wp\/v2\/users\/1"}],"replies":[{"embeddable":true,"href":"https:\/\/www.moulindharcy.fr\/dev\/index.php\/wp-json\/wp\/v2\/comments?post=351"}],"version-history":[{"count":20,"href":"https:\/\/www.moulindharcy.fr\/dev\/index.php\/wp-json\/wp\/v2\/pages\/351\/revisions"}],"predecessor-version":[{"id":489,"href":"https:\/\/www.moulindharcy.fr\/dev\/index.php\/wp-json\/wp\/v2\/pages\/351\/revisions\/489"}],"wp:featuredmedia":[{"embeddable":true,"href":"https:\/\/www.moulindharcy.fr\/dev\/index.php\/wp-json\/wp\/v2\/media\/349"}],"wp:attachment":[{"href":"https:\/\/www.moulindharcy.fr\/dev\/index.php\/wp-json\/wp\/v2\/media?parent=351"}],"curies":[{"name":"wp","href":"https:\/\/api.w.org\/{rel}","templated":true}]}}