{"id":276,"date":"2020-11-20T16:58:00","date_gmt":"2020-11-20T15:58:00","guid":{"rendered":"http:\/\/www.moulindharcy.me\/dev\/?page_id=276"},"modified":"2021-05-16T17:22:16","modified_gmt":"2021-05-16T15:22:16","slug":"chambres","status":"publish","type":"page","link":"https:\/\/www.moulindharcy.fr\/dev\/index.php\/chambres\/","title":{"rendered":"Nos chambres"},"content":{"rendered":"\n<h3>Pour toutes les r\u00e9servations l&rsquo;heure d&rsquo;arriv\u00e9e est \u00e0 pr\u00e9voir entre 17h et 19h et l&rsquo;heure de d\u00e9part avant 11h<\/h3>\n\n\n\n\n","protected":false},"excerpt":{"rendered":"<p>Pour toutes les r\u00e9servations l&rsquo;heure d&rsquo;arriv\u00e9e est \u00e0 pr\u00e9voir entre 17h et 19h et l&rsquo;heure de d\u00e9part avant 11h<\/p>\n","protected":false},"author":1,"featured_media":0,"parent":0,"menu_order":0,"comment_status":"closed","ping_status":"closed","template":"","meta":[],"_links":{"self":[{"href":"https:\/\/www.moulindharcy.fr\/dev\/index.php\/wp-json\/wp\/v2\/pages\/276"}],"collection":[{"href":"https:\/\/www.moulindharcy.fr\/dev\/index.php\/wp-json\/wp\/v2\/pages"}],"about":[{"href":"https:\/\/www.moulindharcy.fr\/dev\/index.php\/wp-json\/wp\/v2\/types\/page"}],"author":[{"embeddable":true,"href":"https:\/\/www.moulindharcy.fr\/dev\/index.php\/wp-json\/wp\/v2\/users\/1"}],"replies":[{"embeddable":true,"href":"https:\/\/www.moulindharcy.fr\/dev\/index.php\/wp-json\/wp\/v2\/comments?post=276"}],"version-history":[{"count":7,"href":"https:\/\/www.moulindharcy.fr\/dev\/index.php\/wp-json\/wp\/v2\/pages\/276\/revisions"}],"predecessor-version":[{"id":448,"href":"https:\/\/www.moulindharcy.fr\/dev\/index.php\/wp-json\/wp\/v2\/pages\/276\/revisions\/448"}],"wp:attachment":[{"href":"https:\/\/www.moulindharcy.fr\/dev\/index.php\/wp-json\/wp\/v2\/media?parent=276"}],"curies":[{"name":"wp","href":"https:\/\/api.w.org\/{rel}","templated":true}]}}